{"id":101207,"date":"2024-03-20T09:24:17","date_gmt":"2024-03-20T08:24:17","guid":{"rendered":"https:\/\/www.smartmoneywomen.com\/gradivo\/"},"modified":"2024-12-12T09:03:19","modified_gmt":"2024-12-12T08:03:19","slug":"materijal","status":"publish","type":"page","link":"https:\/\/www.smartmoneywomen.com\/mk\/materijal\/","title":{"rendered":"\u041c\u0430\u0442\u0435\u0440\u0438\u0458\u0430\u043b"},"content":{"rendered":"<p>[et_pb_section fb_built=&#8221;1&#8243; _builder_version=&#8221;4.27.2&#8243; _module_preset=&#8221;default&#8221; global_colors_info=&#8221;{}&#8221; theme_builder_area=&#8221;post_content&#8221;][et_pb_row _builder_version=&#8221;4.24.2&#8243; _module_preset=&#8221;default&#8221; locked=&#8221;off&#8221; global_colors_info=&#8221;{}&#8221; theme_builder_area=&#8221;post_content&#8221;][et_pb_column type=&#8221;4_4&#8243; _builder_version=&#8221;4.24.2&#8243; _module_preset=&#8221;default&#8221; global_colors_info=&#8221;{}&#8221; theme_builder_area=&#8221;post_content&#8221;][et_pb_text admin_label=&#8221;BREZPLA\u010cNI OBRAZCI&#8221; _builder_version=&#8221;4.27.4&#8243; _module_preset=&#8221;9947cd4f-5c30-4e64-880c-ed331b79d579&#8243; header_2_text_align=&#8221;left&#8221; header_2_font_size=&#8221;36px&#8221; header_2_line_height=&#8221;1.1em&#8221; custom_margin=&#8221;||||false|false&#8221; custom_margin_tablet=&#8221;||||false|false&#8221; custom_margin_phone=&#8221;||||false|false&#8221; custom_margin_last_edited=&#8221;on|phone&#8221; header_2_font_size_tablet=&#8221;32px&#8221; header_2_font_size_phone=&#8221;29px&#8221; locked=&#8221;off&#8221; global_colors_info=&#8221;{}&#8221; custom_margin__hover_enabled=&#8221;off|desktop&#8221; theme_builder_area=&#8221;post_content&#8221;]<\/p>\n<h2>Gradivo<\/h2>\n<p><b>To je koti\u010dek, kjer bo\u0161 dobila e-priro\u010dnike, obrazce in gradiva, ki ti bodo pomagali zrasti finan\u010dno, poslovno in osebnostno.<\/b><\/p>\n<p>Z uporabo bo\u0161 prihranila veliko denarja in \u010dasa, se la\u017eje organizirala, delala na samozavesti in mentaliteti in dolo\u010dila prioritete.<\/p>\n<p><strong>Redno dodajamo nove obrazce, zato se pogosto vrni.<\/strong><\/p>\n<p>[\/et_pb_text][\/et_pb_column][\/et_pb_row][et_pb_row column_structure=&#8221;1_3,1_3,1_3&#8243; _builder_version=&#8221;4.27.2&#8243; _module_preset=&#8221;default&#8221; global_colors_info=&#8221;{}&#8221; theme_builder_area=&#8221;post_content&#8221;][et_pb_column type=&#8221;1_3&#8243; _builder_version=&#8221;4.27.2&#8243; _module_preset=&#8221;default&#8221; global_colors_info=&#8221;{}&#8221; theme_builder_area=&#8221;post_content&#8221;][dsm_card title=&#8221;Na\u010drt porabe denarja&#8221; image=&#8221;https:\/\/www.smartmoneywomen.com\/wp-content\/uploads\/2024\/10\/1.png&#8221; image_background_height=&#8221;320px&#8221; badge_text=&#8221;Cena: 7\u20ac&#8221; badge_background_color=&#8221;#FFFFFF&#8221; button_text=&#8221;Nakup&#8221; button_url_new_window=&#8221;1&#8243; image_background_height_tablet=&#8221;400px&#8221; image_background_height_phone=&#8221;400px&#8221; image_background_height_last_edited=&#8221;on|tablet&#8221; _builder_version=&#8221;4.27.2&#8243; _module_preset=&#8221;default&#8221; badge_font=&#8221;|600|||||||&#8221; badge_text_color=&#8221;#000000&#8243; header_level=&#8221;h2&#8243; header_text_align=&#8221;center&#8221; custom_button=&#8221;on&#8221; button_text_size=&#8221;16px&#8221; button_text_color=&#8221;#FFFFFF&#8221; button_bg_color=&#8221;#10B2E7&#8243; button_border_color=&#8221;#10B2E7&#8243; button_border_radius=&#8221;50px&#8221; button_use_icon=&#8221;off&#8221; button_alignment=&#8221;right&#8221; button_custom_padding=&#8221;8px|25px|8px|25px|true|true&#8221; global_colors_info=&#8221;{}&#8221; theme_builder_area=&#8221;post_content&#8221;]<\/p>\n<p>Na\u010drt porabe denarja\u2122 vam pomaga jasno razporediti va\u0161 dohodek in dolo\u010diti prioritete glede nujnih stro\u0161kov in \u017eelja. To je orodje za u\u010dinkovito upravljanje osebnih financ, ki vam omogo\u010da, da spremljate svoj denarni tok, zmanj\u0161ate nepotrebne stro\u0161ke in dose\u017eete finan\u010dno ravnovesje.<\/p>\n<p>[\/dsm_card][\/et_pb_column][et_pb_column type=&#8221;1_3&#8243; _builder_version=&#8221;4.27.2&#8243; _module_preset=&#8221;default&#8221; global_colors_info=&#8221;{}&#8221; theme_builder_area=&#8221;post_content&#8221;][dsm_card title=&#8221;Na\u010drt odpla\u010devanja dolgov&#8221; image=&#8221;https:\/\/www.smartmoneywomen.com\/wp-content\/uploads\/2024\/10\/2.png&#8221; image_background_height=&#8221;320px&#8221; badge_text=&#8221;Cena: 7\u20ac&#8221; badge_background_color=&#8221;#FFFFFF&#8221; button_text=&#8221;Nakup&#8221; button_url_new_window=&#8221;1&#8243; image_background_height_tablet=&#8221;400px&#8221; image_background_height_phone=&#8221;400px&#8221; image_background_height_last_edited=&#8221;on|tablet&#8221; _builder_version=&#8221;4.27.2&#8243; _module_preset=&#8221;default&#8221; badge_font=&#8221;|600|||||||&#8221; badge_text_color=&#8221;#000000&#8243; header_level=&#8221;h2&#8243; header_text_align=&#8221;center&#8221; custom_button=&#8221;on&#8221; button_text_size=&#8221;16px&#8221; button_text_color=&#8221;#FFFFFF&#8221; button_bg_color=&#8221;#10B2E7&#8243; button_border_color=&#8221;#10B2E7&#8243; button_border_radius=&#8221;50px&#8221; button_use_icon=&#8221;off&#8221; button_alignment=&#8221;right&#8221; button_custom_padding=&#8221;8px|25px|8px|25px|true|true&#8221; global_colors_info=&#8221;{}&#8221; theme_builder_area=&#8221;post_content&#8221;]Obrazec za na\u010drt odpla\u010devanja dolgov vam pomaga u\u010dinkovito razporediti pla\u010dila in zmanj\u0161ati dolgove s strategijo, ki daje prednost najvi\u0161jim obrestim ali najmanj\u0161im zneskom dolga.<br \/>\n\u010ce se soo\u010date z dolgovi in \u017eelite prevzeti nadzor nad svojimi financami, je Na\u010drt odpla\u010devanja dolgov\u2122 prava re\u0161itev za vas. Ta preprost, a zelo u\u010dinkovit obrazec vam bo pomagal ustvariti jasen pregled nad vsemi dolgovi, obrestnimi merami in mese\u010dnimi pla\u010dili, kar vam omogo\u010da, da oblikujete strate\u0161ki na\u010drt odpla\u010devanja.[\/dsm_card][\/et_pb_column][et_pb_column type=&#8221;1_3&#8243; _builder_version=&#8221;4.27.2&#8243; _module_preset=&#8221;default&#8221; global_colors_info=&#8221;{}&#8221; theme_builder_area=&#8221;post_content&#8221;][dsm_card title=&#8221;Autosugestija za finan\u010dno neodvisnost&#8221; image=&#8221;https:\/\/www.smartmoneywomen.com\/wp-content\/uploads\/2024\/10\/3.png&#8221; image_background_height=&#8221;320px&#8221; badge_text=&#8221;Cena: 10\u20ac&#8221; badge_background_color=&#8221;#FFFFFF&#8221; button_text=&#8221;Nakup&#8221; button_url_new_window=&#8221;1&#8243; image_background_height_tablet=&#8221;400px&#8221; image_background_height_phone=&#8221;400px&#8221; image_background_height_last_edited=&#8221;on|tablet&#8221; _builder_version=&#8221;4.27.2&#8243; _module_preset=&#8221;default&#8221; badge_font=&#8221;|600|||||||&#8221; badge_text_color=&#8221;#000000&#8243; header_level=&#8221;h2&#8243; header_text_align=&#8221;center&#8221; custom_button=&#8221;on&#8221; button_text_size=&#8221;16px&#8221; button_text_color=&#8221;#FFFFFF&#8221; button_bg_color=&#8221;#10B2E7&#8243; button_border_color=&#8221;#10B2E7&#8243; button_border_radius=&#8221;50px&#8221; button_use_icon=&#8221;off&#8221; button_alignment=&#8221;right&#8221; button_custom_padding=&#8221;8px|25px|8px|25px|true|true&#8221; global_colors_info=&#8221;{}&#8221; theme_builder_area=&#8221;post_content&#8221;]<\/p>\n<p>Preoblikujte svojo miselnost o denarju z dvema avtosugestijo za finan\u010dno neodvisnost. V paketu sta posnetka za \u017eenske in mo\u0161ke. Poslu\u0161ajte in tlakujte pot do ve\u010djega zaslu\u017eka in finan\u010dne stabilnosti!<\/p>\n<p>[\/dsm_card][\/et_pb_column][\/et_pb_row][\/et_pb_section][et_pb_section fb_built=&#8221;1&#8243; custom_padding_last_edited=&#8221;on|phone&#8221; module_id=&#8221;courses&#8221; _builder_version=&#8221;4.27.2&#8243; _module_preset=&#8221;default&#8221; background_enable_color=&#8221;off&#8221; use_background_color_gradient=&#8221;on&#8221; background_color_gradient_stops=&#8221;rgba(16,178,231,0.13) 0%|rgba(238, 250, 253, 0.94) 34%|#ffffff 100%&#8221; background_enable_image=&#8221;off&#8221; custom_padding=&#8221;80px||0px||false|false&#8221; custom_padding_tablet=&#8221;80px||80px||false|false&#8221; custom_padding_phone=&#8221;60px||60px||false|false&#8221; global_colors_info=&#8221;{}&#8221; theme_builder_area=&#8221;post_content&#8221;][et_pb_row _builder_version=&#8221;4.24.2&#8243; _module_preset=&#8221;default&#8221; global_colors_info=&#8221;{}&#8221; theme_builder_area=&#8221;post_content&#8221;][et_pb_column type=&#8221;4_4&#8243; _builder_version=&#8221;4.24.2&#8243; _module_preset=&#8221;default&#8221; global_colors_info=&#8221;{}&#8221; theme_builder_area=&#8221;post_content&#8221;][et_pb_text admin_label=&#8221;BREZPLA\u010cNI OBRAZCI&#8221; _builder_version=&#8221;4.27.2&#8243; _module_preset=&#8221;9947cd4f-5c30-4e64-880c-ed331b79d579&#8243; header_2_text_align=&#8221;left&#8221; header_2_font_size=&#8221;36px&#8221; header_2_line_height=&#8221;1.1em&#8221; custom_margin=&#8221;||40px||false|false&#8221; custom_margin_tablet=&#8221;||40px||false|false&#8221; custom_margin_phone=&#8221;||40px||false|false&#8221; custom_margin_last_edited=&#8221;on|desktop&#8221; header_2_font_size_tablet=&#8221;32px&#8221; header_2_font_size_phone=&#8221;29px&#8221; locked=&#8221;off&#8221; global_colors_info=&#8221;{}&#8221; custom_margin__hover_enabled=&#8221;off|desktop&#8221; theme_builder_area=&#8221;post_content&#8221;]<\/p>\n<h2>Brezpla\u010dni obrazci<\/h2>\n<p><strong>Redno dodajamo nove obrazce, zato se pogosto vrni.<\/strong>[\/et_pb_text][\/et_pb_column][\/et_pb_row][et_pb_row column_structure=&#8221;1_3,1_3,1_3&#8243; _builder_version=&#8221;4.25.1&#8243; _module_preset=&#8221;default&#8221; dd_use_password=&#8221;on&#8221; dd_form_title=&#8221;Za dostop do obrazcev potrebujete geslo!&#8221; dd_form_password=&#8221;smartwomen&#8221; dd_form_placeholder=&#8221;Vpi\u0161ite geslo&#8221; dd_form_error=&#8221;Napa\u010dno geslo&#8221; dd_form_submit=&#8221;Po\u0161lji&#8221; global_colors_info=&#8221;{}&#8221; theme_builder_area=&#8221;post_content&#8221;][et_pb_column type=&#8221;1_3&#8243; _builder_version=&#8221;4.24.3&#8243; _module_preset=&#8221;default&#8221; global_colors_info=&#8221;{}&#8221; theme_builder_area=&#8221;post_content&#8221;][et_pb_blurb title=&#8221;Mese\u010dni prora\u010dun&#8221; url=&#8221;https:\/\/www.smartmoneywomen.com\/wp-content\/uploads\/2024\/04\/proracun-WITH-SMILJAN-MORI.pdf&#8221; url_new_window=&#8221;on&#8221; image=&#8221;https:\/\/www.smartmoneywomen.com\/wp-content\/uploads\/2024\/04\/proracun-WITH-SMILJAN-MORI-1.jpg&#8221; _builder_version=&#8221;4.24.3&#8243; _module_preset=&#8221;default&#8221; link_option_url=&#8221;https:\/\/www.smartmoneywomen.com\/wp-content\/uploads\/2024\/04\/proracun-WITH-SMILJAN-MORI.pdf&#8221; link_option_url_new_window=&#8221;on&#8221; global_colors_info=&#8221;{}&#8221; theme_builder_area=&#8221;post_content&#8221;]<\/p>\n<p>Vsako gospodinjstvo bi moralo imeti ta obrazec. V njega zapi\u0161i, koliko predvideva\u0161, da bo\u0161 zapravila in koliko dejansko zapravi\u0161. \u017de po enem mesecu bo\u0161 videla, kje dela\u0161 napake in kako jih lahko odpravi\u0161. Fiksni stro\u0161ki so tisti, ki so pribli\u017eno enaki vsak mesec, kot so telefon, elektrika, internet, hrana, medtem ko se spremenljivi stro\u0161ki vsak mesec spreminjajo. Pomembno je, da vse to zapi\u0161e\u0161. Ta obrazec je tvoja odsko\u010dna deska v bolj\u0161o finan\u010dno prihodnost.<\/p>\n<p><a href=\"https:\/\/www.smartmoneywomen.com\/wp-content\/uploads\/2024\/04\/proracun-WITH-SMILJAN-MORI.pdf\" target=\"_blank\" rel=\"noopener\"><span style=\"text-decoration: underline;\"><strong>Prenesi<\/strong><\/span><\/a><\/p>\n<p>[\/et_pb_blurb][et_pb_blurb title=&#8221;Sledilnik navad&#8221; url=&#8221;https:\/\/www.smartmoneywomen.com\/wp-content\/uploads\/2024\/04\/Sledilnik-navad.pdf&#8221; url_new_window=&#8221;on&#8221; image=&#8221;https:\/\/www.smartmoneywomen.com\/wp-content\/uploads\/2024\/04\/Sledilnik-navad.jpg&#8221; admin_label=&#8221;Sledilnik navad&#8221; _builder_version=&#8221;4.24.3&#8243; _module_preset=&#8221;default&#8221; custom_margin=&#8221;80px||||false|false&#8221; custom_margin_tablet=&#8221;50px||||false|false&#8221; custom_margin_phone=&#8221;50px||||false|false&#8221; custom_margin_last_edited=&#8221;on|phone&#8221; link_option_url=&#8221;https:\/\/www.smartmoneywomen.com\/wp-content\/uploads\/2024\/04\/Sledilnik-navad.pdf&#8221; link_option_url_new_window=&#8221;on&#8221; global_colors_info=&#8221;{}&#8221; theme_builder_area=&#8221;post_content&#8221;]Sledilnik navad je zelo preprost in u\u010dinkovit obrazec za vse, ki bi rade izbolj\u0161ale svoje navade ali uvedle nove. Obrazec natisni in vanj napi\u0161i novo navado ali ve\u010d navad. Na koncu vsakega dneva pobarvaj krogec, \u010de si bila uspe\u0161na. Z barvanjem bo\u0161 dobila ob\u010dutek ponosa in se po\u010dutila uspe\u0161na. To te bo naredilo bolj motivirano, zato predlagamo, da ga obesi\u0161 na mesto, kjer ga bo\u0161 pogosto videla. Vsakih 7 dni se nagradi.<\/p>\n<p><a href=\"https:\/\/www.smartmoneywomen.com\/wp-content\/uploads\/2024\/04\/Sledilnik-navad.pdf\" target=\"_blank\" rel=\"noopener\"><span style=\"text-decoration: underline;\"><strong>Prenesi<\/strong><\/span><\/a>[\/et_pb_blurb][\/et_pb_column][et_pb_column type=&#8221;1_3&#8243; _builder_version=&#8221;4.24.3&#8243; _module_preset=&#8221;default&#8221; global_colors_info=&#8221;{}&#8221; theme_builder_area=&#8221;post_content&#8221;][et_pb_blurb title=&#8221;Tedenski jedilnik&#8221; url=&#8221;https:\/\/www.smartmoneywomen.com\/wp-content\/uploads\/2024\/04\/Tedenski-jedilnik.pdf&#8221; url_new_window=&#8221;on&#8221; image=&#8221;https:\/\/www.smartmoneywomen.com\/wp-content\/uploads\/2024\/04\/Tedenski-jedilnik.jpg&#8221; admin_label=&#8221;Tedenski jedilnik&#8221; _builder_version=&#8221;4.24.3&#8243; _module_preset=&#8221;default&#8221; link_option_url=&#8221;https:\/\/www.smartmoneywomen.com\/wp-content\/uploads\/2024\/04\/Tedenski-jedilnik.pdf&#8221; link_option_url_new_window=&#8221;on&#8221; global_colors_info=&#8221;{}&#8221; theme_builder_area=&#8221;post_content&#8221;]S skrbnim na\u010drtovanjem tedenskega jedilnika lahko prihrani\u0161 veliko denarja, se izogne\u0161 slabi volji in stresu. Raziskave so potrdile, da z na\u010drtovanjem jedilnika prihrani\u0161 lahko tudi do 30 % denarja, ki ga potem lahko porabi\u0161 za druge stvari, na primer nalo\u017ebe. S tem pristopom bo\u0161 zavrgla manj hrane, poleg tega pa so lahko tvoje jedi zelo pestre in okusne. Obrazec vklju\u010duje tudi li\u010den nakupovalni seznam, ki ga lahko vzame\u0161 s seboj v trgovino.<\/p>\n<p><a href=\"https:\/\/www.smartmoneywomen.com\/wp-content\/uploads\/2024\/04\/Tedenski-jedilnik.pdf\" target=\"_blank\" rel=\"noopener\"><span style=\"text-decoration: underline;\"><strong>Prenesi<\/strong><\/span><\/a>[\/et_pb_blurb][et_pb_blurb title=&#8221;Moj cilj&#8221; url=&#8221;https:\/\/www.smartmoneywomen.com\/wp-content\/uploads\/2024\/04\/Moj-cilj.pdf&#8221; url_new_window=&#8221;on&#8221; image=&#8221;https:\/\/www.smartmoneywomen.com\/wp-content\/uploads\/2024\/04\/Tedenski-jedilnik.jpg&#8221; admin_label=&#8221;Moj cilj&#8221; _builder_version=&#8221;4.24.3&#8243; _module_preset=&#8221;default&#8221; custom_margin=&#8221;80px||||false|false&#8221; custom_margin_tablet=&#8221;50px||||false|false&#8221; custom_margin_phone=&#8221;50px||||false|false&#8221; custom_margin_last_edited=&#8221;on|phone&#8221; link_option_url=&#8221;https:\/\/www.smartmoneywomen.com\/wp-content\/uploads\/2024\/04\/Moj-cilj.pdf&#8221; link_option_url_new_window=&#8221;on&#8221; global_colors_info=&#8221;{}&#8221; theme_builder_area=&#8221;post_content&#8221;]Vsak cilj si je treba zapisati in ga raz\u010dleniti. Ta obrazec ti bo pri tem zelo pomagal, saj bo\u0161 zapisala svoj cilj, si postavila roke in mejnike ter napisala akcijske korake, ki so potrebni, da cilj uresni\u010di\u0161. Realno je pri\u010dakovati, da bodo manj\u0161i izzivi (nepoznavanje dolo\u010denih stvari, birokracija \u2026), a vse lahko premaga\u0161. Obrazec Moj cilj je odli\u010den za poslovne in osebne cilje. \u010ce je vedno pri roki, je manj\u0161a verjetnost, da izgubi\u0161 fokus.<\/p>\n<p><a href=\"https:\/\/www.smartmoneywomen.com\/wp-content\/uploads\/2024\/04\/Moj-cilj.pdf\" target=\"_blank\" rel=\"noopener\"><span style=\"text-decoration: underline;\"><strong>Prenesi<\/strong><\/span><\/a>[\/et_pb_blurb][\/et_pb_column][et_pb_column type=&#8221;1_3&#8243; _builder_version=&#8221;4.24.3&#8243; _module_preset=&#8221;default&#8221; global_colors_info=&#8221;{}&#8221; theme_builder_area=&#8221;post_content&#8221;][et_pb_blurb title=&#8221;Na\u010drt dneva&#8221; url=&#8221;https:\/\/www.smartmoneywomen.com\/wp-content\/uploads\/2024\/04\/NACRT-DNEVA-.pdf&#8221; url_new_window=&#8221;on&#8221; image=&#8221;https:\/\/www.smartmoneywomen.com\/wp-content\/uploads\/2024\/04\/NACRT-DNEVA-.jpg&#8221; admin_label=&#8221;Na\u010drt dneva&#8221; _builder_version=&#8221;4.24.3&#8243; _module_preset=&#8221;default&#8221; link_option_url=&#8221;https:\/\/www.smartmoneywomen.com\/wp-content\/uploads\/2024\/04\/NACRT-DNEVA-.pdf&#8221; link_option_url_new_window=&#8221;on&#8221; global_colors_info=&#8221;{}&#8221; theme_builder_area=&#8221;post_content&#8221;]<\/p>\n<p>Vsi imamo manj\u0161e in velike cilje, a dejstvo je, da vseh ne moremo uresni\u010diti v enem dnevu. Klju\u010d do uspeha je v tem, da si vsak dan postavi\u0161 3 pomembne cilje, ki te vodijo k uspehu. Trije cilji so \u010disto dovolj. Obrazec vklju\u010duje prostor za tri cilje, naloge, ki jih mora\u0161 opraviti, urnik in prostor za zapiske. To je vse, kar potrebuje\u0161 za uspe\u0161en na\u010drt dneva. Deli ga s svojo dru\u017eino in sodelavci.<\/p>\n<p><a href=\"https:\/\/www.smartmoneywomen.com\/wp-content\/uploads\/2024\/04\/NACRT-DNEVA-.pdf\" target=\"_blank\" rel=\"noopener\"><span style=\"text-decoration: underline;\"><strong>Prenesi<\/strong><\/span><\/a><\/p>\n<p>[\/et_pb_blurb][\/et_pb_column][\/et_pb_row][\/et_pb_section][et_pb_section fb_built=&#8221;1&#8243; _builder_version=&#8221;4.24.3&#8243; _module_preset=&#8221;default&#8221; global_colors_info=&#8221;{}&#8221; theme_builder_area=&#8221;post_content&#8221;][et_pb_row column_structure=&#8221;1_4,1_2,1_4&#8243; _builder_version=&#8221;4.24.3&#8243; _module_preset=&#8221;default&#8221; global_colors_info=&#8221;{}&#8221; theme_builder_area=&#8221;post_content&#8221;][et_pb_column type=&#8221;1_4&#8243; _builder_version=&#8221;4.24.3&#8243; _module_preset=&#8221;default&#8221; global_colors_info=&#8221;{}&#8221; theme_builder_area=&#8221;post_content&#8221;][\/et_pb_column][et_pb_column type=&#8221;1_2&#8243; _builder_version=&#8221;4.24.3&#8243; _module_preset=&#8221;default&#8221; global_colors_info=&#8221;{}&#8221; theme_builder_area=&#8221;post_content&#8221;][et_pb_text _builder_version=&#8221;4.24.3&#8243; _module_preset=&#8221;9947cd4f-5c30-4e64-880c-ed331b79d579&#8243; global_colors_info=&#8221;{}&#8221; theme_builder_area=&#8221;post_content&#8221;]<\/p>\n<div class=\"elementor-element elementor-element-479de51 elementor-widget elementor-widget-heading\" data-id=\"479de51\" data-element_type=\"widget\" data-widget_type=\"heading.default\">\n<div class=\"elementor-widget-container\">\n<h2 class=\"elementor-heading-title elementor-size-default\">Nimate gesla?<\/h2>\n<\/div>\n<\/div>\n<div class=\"elementor-element elementor-element-c592b7e elementor-widget elementor-widget-text-editor\" data-id=\"c592b7e\" data-element_type=\"widget\" data-widget_type=\"text-editor.default\">\n<div class=\"elementor-widget-container\">\n<p style=\"text-align: center;\"><strong>Izpolnite podatke in po\u0161ljemo vam ga na email naslov.<\/strong><\/p>\n<\/div>\n<\/div>\n<p>[\/et_pb_text][dsm_contact_form_7 cf7_library=&#8221;100204&#8243; _builder_version=&#8221;4.24.3&#8243; _module_preset=&#8221;default&#8221; placeholder_text_color=&#8221;#F5F6F7&#8243; radio_checkbox_text_color=&#8221;#000000&#8243; custom_button_one=&#8221;on&#8221; button_one_text_size=&#8221;16px&#8221; button_one_text_color=&#8221;#FFFFFF&#8221; button_one_bg_color=&#8221;#10B2E7&#8243; button_one_border_color=&#8221;#10B2E7&#8243; button_one_border_radius=&#8221;50px&#8221; button_one_icon=&#8221;&#x24;||divi||400&#8243; button_one_icon_color=&#8221;#FFFFFF&#8221; button_one_custom_padding=&#8221;8px|30px|8px|30px|true|true&#8221; button_one_custom_padding_tablet=&#8221;8px|30px|8px|30px|true|true&#8221; button_one_custom_padding_phone=&#8221;8px|30px|8px|30px|true|true&#8221; button_one_custom_padding_last_edited=&#8221;on|desktop&#8221; border_color_all_image=&#8221;#10B2E7&#8243; global_colors_info=&#8221;{}&#8221; theme_builder_area=&#8221;post_content&#8221;][\/dsm_contact_form_7][\/et_pb_column][et_pb_column type=&#8221;1_4&#8243; _builder_version=&#8221;4.24.3&#8243; _module_preset=&#8221;default&#8221; global_colors_info=&#8221;{}&#8221; theme_builder_area=&#8221;post_content&#8221;][\/et_pb_column][\/et_pb_row][\/et_pb_section]<\/p>\n","protected":false},"excerpt":{"rendered":"<p>Gradivo To je koti\u010dek, kjer bo\u0161 dobila e-priro\u010dnike, obrazce in gradiva, ki ti bodo pomagali zrasti finan\u010dno, poslovno in osebnostno. Z uporabo bo\u0161 prihranila veliko denarja in \u010dasa, se la\u017eje organizirala, delala na samozavesti in mentaliteti in dolo\u010dila prioritete. Redno dodajamo nove obrazce, zato se pogosto vrni.<div class=\"et_pb_module dsm_card dsm_card_0 et_pb_bg_layout_light  dsm_card_layout_stacked\">\n\t\t\t\t\n\t\t\t\t\n\t\t\t\t\n\t\t\t\t\n\t\t\t\t\n\t\t\t\t\n\t\t\t\t<div class=\"et_pb_module_inner\">\n\t\t\t\t\t\n\t\t\t\n\t\t\t<figure class=\"dsm_card_image_wrapper dsm_card_badge_top_right\"><div class=\"dsm_card_image_background dsm_card_img\"><\/div><div class=\"dsm_card_badge_text\">Cena: 7\u20ac<\/div><\/figure>\n\t\t\t<div class=\"et_pb_module dsm_card_wrapper et_pb_text_align_left\">\n\t\t\t\t\t\n\t\t\t\t\t<h2 class=\"dsm_card_title et_pb_module_header\">Na\u010drt porabe denarja<\/h2>\n\t\t\t\t\t\n\t\t\t\t\t<div class=\"dsm_card_description\">Na\u010drt porabe denarja\u2122 vam pomaga jasno razporediti va\u0161 dohodek in dolo\u010diti prioritete glede nujnih stro\u0161kov in \u017eelja. To je orodje za u\u010dinkovito upravljanje osebnih financ, ki vam omogo\u010da, da spremljate svoj denarni tok, zmanj\u0161ate nepotrebne stro\u0161ke in dose\u017eete finan\u010dno ravnovesje.<\/div>\n\t\t\t\t\t<div class=\"et_pb_button_wrapper\"><a class=\"et_pb_button et_pb_more_button \" href=\"\">Nakup<\/a><\/div>\n\t\t\t\t<\/div>\n\t\t\t\n\t\t\t\t<\/div>\n\t\t\t<\/div><div class=\"et_pb_module dsm_card dsm_card_1 et_pb_bg_layout_light  dsm_card_layout_stacked\">\n\t\t\t\t\n\t\t\t\t\n\t\t\t\t\n\t\t\t\t\n\t\t\t\t\n\t\t\t\t\n\t\t\t\t<div class=\"et_pb_module_inner\">\n\t\t\t\t\t\n\t\t\t\n\t\t\t<figure class=\"dsm_card_image_wrapper dsm_card_badge_top_right\"><div class=\"dsm_card_image_background dsm_card_img\"><\/div><div class=\"dsm_card_badge_text\">Cena: 7\u20ac<\/div><\/figure>\n\t\t\t<div class=\"et_pb_module dsm_card_wrapper et_pb_text_align_left\">\n\t\t\t\t\t\n\t\t\t\t\t<h2 class=\"dsm_card_title et_pb_module_header\">Na\u010drt odpla\u010devanja dolgov<\/h2>\n\t\t\t\t\t\n\t\t\t\t\t\n\t\t\t\t\t<div class=\"et_pb_button_wrapper\"><a class=\"et_pb_button et_pb_more_button \" href=\"\">Nakup<\/a><\/div>\n\t\t\t\t<\/div>\n\t\t\t\n\t\t\t\t<\/div>\n\t\t\t<\/div>Obrazec za na\u010drt odpla\u010devanja dolgov vam pomaga u\u010dinkovito razporediti pla\u010dila in zmanj\u0161ati dolgove s strategijo, ki daje prednost najvi\u0161jim obrestim ali najmanj\u0161im zneskom dolga. \u010ce se soo\u010date z dolgovi in \u017eelite prevzeti nadzor nad svojimi financami, je Na\u010drt odpla\u010devanja dolgov\u2122 prava re\u0161itev za vas. Ta preprost, a zelo u\u010dinkovit obrazec vam bo pomagal ustvariti jasen [&hellip;]<\/p>\n","protected":false},"author":1,"featured_media":101208,"parent":0,"menu_order":4,"comment_status":"closed","ping_status":"closed","template":"","meta":{"_et_pb_use_builder":"on","_et_pb_old_content":"","_et_gb_content_width":"","footnotes":""},"class_list":["post-101207","page","type-page","status-publish","has-post-thumbnail","hentry"],"aioseo_notices":[],"_links":{"self":[{"href":"https:\/\/www.smartmoneywomen.com\/mk\/wp-json\/wp\/v2\/pages\/101207","targetHints":{"allow":["GET"]}}],"collection":[{"href":"https:\/\/www.smartmoneywomen.com\/mk\/wp-json\/wp\/v2\/pages"}],"about":[{"href":"https:\/\/www.smartmoneywomen.com\/mk\/wp-json\/wp\/v2\/types\/page"}],"author":[{"embeddable":true,"href":"https:\/\/www.smartmoneywomen.com\/mk\/wp-json\/wp\/v2\/users\/1"}],"replies":[{"embeddable":true,"href":"https:\/\/www.smartmoneywomen.com\/mk\/wp-json\/wp\/v2\/comments?post=101207"}],"version-history":[{"count":4,"href":"https:\/\/www.smartmoneywomen.com\/mk\/wp-json\/wp\/v2\/pages\/101207\/revisions"}],"predecessor-version":[{"id":101213,"href":"https:\/\/www.smartmoneywomen.com\/mk\/wp-json\/wp\/v2\/pages\/101207\/revisions\/101213"}],"wp:featuredmedia":[{"embeddable":true,"href":"https:\/\/www.smartmoneywomen.com\/mk\/wp-json\/wp\/v2\/media\/101208"}],"wp:attachment":[{"href":"https:\/\/www.smartmoneywomen.com\/mk\/wp-json\/wp\/v2\/media?parent=101207"}],"curies":[{"name":"wp","href":"https:\/\/api.w.org\/{rel}","templated":true}]}}