{"id":100606,"date":"2024-03-20T09:24:35","date_gmt":"2024-03-20T08:24:35","guid":{"rendered":"https:\/\/www.smartmoneywomen.com\/svetovanje\/"},"modified":"2024-05-29T15:00:42","modified_gmt":"2024-05-29T13:00:42","slug":"savjetovanje","status":"publish","type":"page","link":"https:\/\/www.smartmoneywomen.com\/hr\/savjetovanje\/","title":{"rendered":"Savjetovanje"},"content":{"rendered":"<p>[et_pb_section fb_built=&#8221;1&#8243; _builder_version=&#8221;4.24.2&#8243; _module_preset=&#8221;default&#8221; use_background_color_gradient=&#8221;on&#8221; background_color_gradient_stops=&#8221;rgba(16,178,231,0.13) 0%|#ffffff 100%&#8221; background_enable_image=&#8221;off&#8221; custom_padding=&#8221;80px||0px||false|false&#8221; locked=&#8221;off&#8221; global_colors_info=&#8221;{}&#8221;][et_pb_row use_custom_gutter=&#8221;on&#8221; gutter_width=&#8221;1&#8243; _builder_version=&#8221;4.24.2&#8243; _module_preset=&#8221;default&#8221; width=&#8221;100%&#8221; max_width=&#8221;1100px&#8221; max_width_tablet=&#8221;90%&#8221; max_width_phone=&#8221;90%&#8221; max_width_last_edited=&#8221;on|desktop&#8221; custom_padding=&#8221;0px||0px||true|false&#8221; custom_css_main_element=&#8221;display: flex;&#8221; global_colors_info=&#8221;{}&#8221; custom_css_main_element_last_edited=&#8221;on|desktop&#8221; custom_css_main_element_phone=&#8221;display: block;&#8221; custom_css_main_element_tablet=&#8221;display: flex;&#8221;][et_pb_column type=&#8221;4_4&#8243; _builder_version=&#8221;4.22.1&#8243; _module_preset=&#8221;default&#8221; global_colors_info=&#8221;{}&#8221; custom_css_main_element_last_edited=&#8221;on|tablet&#8221; custom_css_main_element_tablet=&#8221;width: 70% !important;&#8221; custom_css_main_element_phone=&#8221;width: 100% !important;&#8221;][dsm_text_notation notation_text=&#8221;Zaboravite na finansijske brige i izgradite svjetliju budu\u0107nost&#8221; notation_type=&#8221;bracket&#8221; heading_html_tag=&#8221;h3&#8243; _builder_version=&#8221;4.25.1&#8243; _module_preset=&#8221;default&#8221; header_font=&#8221;|700|||||||&#8221; header_text_color=&#8221;#000000&#8243; global_colors_info=&#8221;{}&#8221;][\/dsm_text_notation][\/et_pb_column][\/et_pb_row][et_pb_row column_structure=&#8221;3_5,2_5&#8243; use_custom_gutter=&#8221;on&#8221; gutter_width=&#8221;1&#8243; _builder_version=&#8221;4.22.1&#8243; _module_preset=&#8221;default&#8221; width=&#8221;100%&#8221; max_width=&#8221;1100px&#8221; max_width_tablet=&#8221;90%&#8221; max_width_phone=&#8221;90%&#8221; max_width_last_edited=&#8221;on|desktop&#8221; custom_margin=&#8221;20px||||false|false&#8221; custom_margin_tablet=&#8221;20px||||false|false&#8221; custom_margin_phone=&#8221;10px||||false|false&#8221; custom_margin_last_edited=&#8221;on|phone&#8221; custom_padding=&#8221;0px||0px||true|false&#8221; global_colors_info=&#8221;{}&#8221; custom_css_main_element_last_edited=&#8221;on|tablet&#8221; custom_css_main_element_tablet=&#8221;display: flex;&#8221; custom_css_main_element_phone=&#8221;display: block;&#8221;][et_pb_column type=&#8221;3_5&#8243; _builder_version=&#8221;4.22.1&#8243; _module_preset=&#8221;default&#8221; custom_padding=&#8221;|50px|||false|false&#8221; custom_padding_tablet=&#8221;|50px|||false|false&#8221; custom_padding_phone=&#8221;|0px|||false|false&#8221; custom_padding_last_edited=&#8221;on|desktop&#8221; global_colors_info=&#8221;{}&#8221; custom_css_main_element_last_edited=&#8221;on|tablet&#8221; custom_css_main_element_tablet=&#8221;width: 70% !Important;&#8221; custom_css_main_element_phone=&#8221;width: 100% !important;&#8221;][et_pb_text _builder_version=&#8221;4.25.1&#8243; _module_preset=&#8221;default&#8221; text_font=&#8221;||||||||&#8221; text_text_color=&#8221;#333333&#8243; text_line_height=&#8221;1.4em&#8221; text_font_size_tablet=&#8221;&#8221; text_font_size_phone=&#8221;&#8221; text_font_size_last_edited=&#8221;on|phone&#8221; text_line_height_tablet=&#8221;1.3em&#8221; text_line_height_phone=&#8221;1.3em&#8221; text_line_height_last_edited=&#8221;on|tablet&#8221; global_colors_info=&#8221;{}&#8221;]<\/p>\n<p>Finansijski izazovi nisu izbor i \u010desto unose stres i neizvjesnost u na\u0161e \u017eivote. Vjerujemo, da, kao i mnogi drugi, \u017eelite finansijsku sigurnost i za\u0161titu za sebe i svoje najmilije. Ne morate se pitati, kako \u0107ete izgurati do kraja mjeseca ili koji \u0107ete ra\u010dun prvi platiti.<\/p>\n<p>[\/et_pb_text][\/et_pb_column][et_pb_column type=&#8221;2_5&#8243; _builder_version=&#8221;4.22.1&#8243; _module_preset=&#8221;default&#8221; custom_padding_tablet=&#8221;&#8221; custom_padding_phone=&#8221;20px||||false|false&#8221; custom_padding_last_edited=&#8221;on|phone&#8221; global_colors_info=&#8221;{}&#8221; custom_css_main_element_last_edited=&#8221;on|tablet&#8221; custom_css_main_element_tablet=&#8221;width: 30% !Important;&#8221; custom_css_main_element_phone=&#8221;width: 100% !important;&#8221;][\/et_pb_column][\/et_pb_row][\/et_pb_section][et_pb_section fb_built=&#8221;1&#8243; _builder_version=&#8221;4.24.2&#8243; _module_preset=&#8221;default&#8221; background_color=&#8221;#FFFFFF&#8221; use_background_color_gradient=&#8221;on&#8221; background_color_gradient_stops=&#8221;#ffffff 0%|rgba(16,178,231,0.13) 100%&#8221; background_enable_image=&#8221;off&#8221; custom_padding=&#8221;0px||0px||true|false&#8221; locked=&#8221;off&#8221; global_colors_info=&#8221;{}&#8221;][et_pb_row _builder_version=&#8221;4.24.2&#8243; _module_preset=&#8221;default&#8221; global_colors_info=&#8221;{}&#8221;][et_pb_column type=&#8221;4_4&#8243; _builder_version=&#8221;4.24.2&#8243; _module_preset=&#8221;default&#8221; global_colors_info=&#8221;{}&#8221;][et_pb_button button_url=&#8221;#1&#8243; button_text=&#8221;Prijavite se&#8221; button_alignment_tablet=&#8221;center&#8221; button_alignment_phone=&#8221;center&#8221; button_alignment_last_edited=&#8221;on|phone&#8221; _builder_version=&#8221;4.25.1&#8243; _module_preset=&#8221;default&#8221; custom_button=&#8221;on&#8221; button_text_size=&#8221;16px&#8221; button_text_color=&#8221;#FFFFFF&#8221; button_bg_color=&#8221;#10B2E7&#8243; button_border_color=&#8221;#10B2E7&#8243; button_border_radius=&#8221;50px&#8221; button_font=&#8221;|600|||||||&#8221; button_icon=&#8221;&#xf30b;||fa||900&#8243; button_on_hover=&#8221;off&#8221; transform_translate_linked__hover=&#8221;off&#8221; custom_margin=&#8221;20px||||false|false&#8221; custom_margin_tablet=&#8221;20px||||false|false&#8221; custom_margin_phone=&#8221;20px||||false|false&#8221; custom_margin_last_edited=&#8221;on|desktop&#8221; custom_padding=&#8221;8px|45px|8px|25px|true|false&#8221; custom_padding_tablet=&#8221;8px|42px|8px|25px|true|false&#8221; custom_padding_phone=&#8221;8px|45px|8px|25px|true|false&#8221; custom_padding_last_edited=&#8221;on|phone&#8221; button_text_size_tablet=&#8221;14px&#8221; button_text_size_phone=&#8221;14px&#8221; button_text_size_last_edited=&#8221;on|tablet&#8221; locked=&#8221;off&#8221; global_colors_info=&#8221;{}&#8221; transform_styles__hover_enabled=&#8221;on|hover&#8221; transform_scale__hover_enabled=&#8221;on|desktop&#8221; transform_translate__hover_enabled=&#8221;on|hover&#8221; transform_rotate__hover_enabled=&#8221;on|desktop&#8221; transform_skew__hover_enabled=&#8221;on|desktop&#8221; transform_origin__hover_enabled=&#8221;on|desktop&#8221; transform_translate__hover=&#8221;4px|0px&#8221; button_text_color__hover_enabled=&#8221;on|hover&#8221; button_bg_color__hover_enabled=&#8221;on|hover&#8221; button_bg_color__hover=&#8221;#001D38&#8243; button_bg_enable_color__hover=&#8221;on&#8221; button_border_color__hover_enabled=&#8221;on|hover&#8221; button_text_color__hover=&#8221;#FFFFFF&#8221; button_border_color__hover=&#8221;#001D38&#8243;][\/et_pb_button][\/et_pb_column][\/et_pb_row][\/et_pb_section][et_pb_section fb_built=&#8221;1&#8243; custom_padding_last_edited=&#8221;on|phone&#8221; _builder_version=&#8221;4.24.2&#8243; _module_preset=&#8221;default&#8221; use_background_color_gradient=&#8221;on&#8221; background_color_gradient_stops=&#8221;rgba(16,178,231,0.12) 0%|#ffffff 100%&#8221; background_enable_image=&#8221;off&#8221; custom_padding=&#8221;100px||3px||false|false&#8221; custom_padding_tablet=&#8221;100px||100px||true|false&#8221; custom_padding_phone=&#8221;80px||80px||true|false&#8221; locked=&#8221;off&#8221; global_colors_info=&#8221;{}&#8221;][et_pb_row column_structure=&#8221;1_2,1_2&#8243; use_custom_gutter=&#8221;on&#8221; gutter_width=&#8221;1&#8243; _builder_version=&#8221;4.22.1&#8243; _module_preset=&#8221;default&#8221; width=&#8221;100%&#8221; max_width=&#8221;1100px&#8221; max_width_tablet=&#8221;90%&#8221; max_width_phone=&#8221;90%&#8221; max_width_last_edited=&#8221;on|desktop&#8221; custom_padding=&#8221;0px||0px||true|false&#8221; global_colors_info=&#8221;{}&#8221; custom_css_main_element_last_edited=&#8221;on|tablet&#8221; custom_css_main_element_tablet=&#8221;display: flex;&#8221; custom_css_main_element_phone=&#8221;display: block;&#8221;][et_pb_column type=&#8221;1_2&#8243; _builder_version=&#8221;4.22.1&#8243; _module_preset=&#8221;default&#8221; custom_padding=&#8221;|50px|||false|false&#8221; custom_padding_tablet=&#8221;|0px|||false|false&#8221; custom_padding_phone=&#8221;|0px|||false|false&#8221; custom_padding_last_edited=&#8221;on|desktop&#8221; global_colors_info=&#8221;{}&#8221;][et_pb_divider show_divider=&#8221;off&#8221; _builder_version=&#8221;4.24.3&#8243; _module_preset=&#8221;default&#8221; background_image=&#8221;https:\/\/www.smartmoneywomen.com\/wp-content\/uploads\/2024\/04\/Smart-Money-Women-Svetovanje-1.jpg&#8221; width=&#8221;100%&#8221; max_width=&#8221;90%&#8221; max_width_tablet=&#8221;95%&#8221; max_width_phone=&#8221;100%&#8221; max_width_last_edited=&#8221;on|desktop&#8221; custom_padding=&#8221;230px||230px||true|false&#8221; custom_padding_tablet=&#8221;250px||250px||true|false&#8221; custom_padding_phone=&#8221;150px||150px||true|false&#8221; custom_padding_last_edited=&#8221;on|desktop&#8221; border_radii=&#8221;on|15px|15px|15px|15px&#8221; box_shadow_style=&#8221;preset3&#8243; box_shadow_blur=&#8221;28px&#8221; box_shadow_color=&#8221;rgba(0,0,0,0.1)&#8221; global_colors_info=&#8221;{}&#8221;][\/et_pb_divider][\/et_pb_column][et_pb_column type=&#8221;1_2&#8243; _builder_version=&#8221;4.22.1&#8243; _module_preset=&#8221;default&#8221; custom_padding=&#8221;|||50px|false|false&#8221; custom_padding_tablet=&#8221;|||20px|false|false&#8221; custom_padding_phone=&#8221;60px|||0px|false|false&#8221; custom_padding_last_edited=&#8221;on|phone&#8221; global_colors_info=&#8221;{}&#8221;][et_pb_text _builder_version=&#8221;4.25.1&#8243; _module_preset=&#8221;default&#8221; text_text_color=&#8221;#333333&#8243; header_2_text_align=&#8221;left&#8221; header_2_font_size=&#8221;36px&#8221; header_2_line_height=&#8221;1.1em&#8221; custom_margin=&#8221;||40px||false|false&#8221; custom_margin_tablet=&#8221;||40px||false|false&#8221; custom_margin_phone=&#8221;||40px||false|false&#8221; custom_margin_last_edited=&#8221;on|desktop&#8221; header_2_font_size_tablet=&#8221;32px&#8221; header_2_font_size_phone=&#8221;29px&#8221; locked=&#8221;off&#8221; global_colors_info=&#8221;{}&#8221; custom_margin__hover_enabled=&#8221;off|desktop&#8221;]<\/p>\n<h2>Imamo sjajne vijesti za vas<\/h2>\n<p>Ve\u0107 danas mo\u017eete napraviti korake, koji \u0107e iz temelja pobolj\u0161ati va\u0161u finansijsku situaciju i pomo\u0107i vam, da izgradite financijsku udobnost. Pitate se, da li je to mogu\u0107e za vas? Sigurni smo da jeste, i mi \u0107emo vam to i dokazati.<\/p>\n<p>Nudimo Vam <strong>besplatne konsultacije<\/strong> sa na\u0161im timom finansijskih stru\u010dnjaka. Zajedno \u0107emo razmotriti va\u0161e finansije i napraviti finansijski plan, koji \u0107e vam pomo\u0107i, da do\u0111ete do boljeg \u017eivota i ostvarite svijetlu budu\u0107nost.<\/p>\n<p>Bez obzira na va\u0161u trenutnu finansijsku situaciju \u2013 \u00a0bilo da li je u pitanju dug, nedostatak u\u0161te\u0111evine ili niska plata \u2013 vjerujte, da postoji prostor za pobolj\u0161anje. Ve\u0107 smo radili sa hiljadama klijenata i pomogli svakom, da postigne svoj cilj. Ali, svi su morali donijeti odluke i posvetiti se promjenama, koje donose \u017eivot bez finansijskih briga.<\/p>\n<p>[\/et_pb_text][\/et_pb_column][\/et_pb_row][et_pb_row use_custom_gutter=&#8221;on&#8221; gutter_width=&#8221;1&#8243; _builder_version=&#8221;4.24.2&#8243; _module_preset=&#8221;default&#8221; width=&#8221;100%&#8221; max_width=&#8221;1100px&#8221; max_width_tablet=&#8221;90%&#8221; max_width_phone=&#8221;90%&#8221; max_width_last_edited=&#8221;on|desktop&#8221; custom_margin=&#8221;100px||||false|false&#8221; custom_margin_tablet=&#8221;100px||||false|false&#8221; custom_margin_phone=&#8221;100px||||false|false&#8221; custom_margin_last_edited=&#8221;on|desktop&#8221; custom_padding=&#8221;0px||0px||true|false&#8221; global_colors_info=&#8221;{}&#8221; custom_css_main_element_last_edited=&#8221;on|tablet&#8221; custom_css_main_element_tablet=&#8221;display: flex;&#8221; custom_css_main_element_phone=&#8221;display: block;&#8221;][et_pb_column type=&#8221;4_4&#8243; _builder_version=&#8221;4.22.1&#8243; _module_preset=&#8221;default&#8221; custom_padding=&#8221;|50px||0px|false|false&#8221; custom_padding_tablet=&#8221;|20px||0px|false|false&#8221; custom_padding_phone=&#8221;0px|0px|50px|0px|false|false&#8221; custom_padding_last_edited=&#8221;on|phone&#8221; global_colors_info=&#8221;{}&#8221;][et_pb_text admin_label=&#8221;Zakaj ti svetujemo popolnoma brezpla\u010dno?&#8221; _builder_version=&#8221;4.25.1&#8243; _module_preset=&#8221;default&#8221; header_2_text_align=&#8221;left&#8221; header_2_font_size=&#8221;36px&#8221; header_2_line_height=&#8221;1.1em&#8221; custom_margin=&#8221;||40px||false|false&#8221; custom_margin_tablet=&#8221;||40px||false|false&#8221; custom_margin_phone=&#8221;||40px||false|false&#8221; custom_margin_last_edited=&#8221;on|desktop&#8221; header_2_font_size_tablet=&#8221;32px&#8221; header_2_font_size_phone=&#8221;29px&#8221; locked=&#8221;off&#8221; global_colors_info=&#8221;{}&#8221; custom_margin__hover_enabled=&#8221;off|desktop&#8221;]<\/p>\n<h2>Za\u0161to vas savjetujemo potpuno besplatno?<\/h2>\n<p>Misija Smart Money je, da unesemo finansijsko znanje u svaki dom. \u017delimo promijeniti osje\u0107aj gubitka i o\u010daja, koji mnogi do\u017eivljavaju i pokazati, da budu\u0107nost mo\u017ee biti svijetla. Kao jedni od najboljih u finansijskom konsaltingu, poklanjamo Vam besplatno savjetovanje. Uz na\u0161u pomo\u0107 mo\u017eete:<\/p>\n<ul>\n<li>\u017eivjeti \u017eivot bez finansijskih briga,<\/li>\n<li>efikasno upravljati novcem,<\/li>\n<li>stvoriti zlatnu rezervu,<\/li>\n<li>osigurati finansijsku sigurnost svoje porodice,<\/li>\n<li>imati \u0161tednju i investicije koje rastu.<\/li>\n<\/ul>\n<p>Ukoliko ste zainteresovani za besplatne finansijske konsultacije, kliknite na formular i popunite upitnik. Na\u0161e savjetnice \u0107e se detaljno pripremiti, kako bi vam obezbijedile personalizovano savjetovanje.<\/p>\n<p>[\/et_pb_text][\/et_pb_column][\/et_pb_row][\/et_pb_section][et_pb_section fb_built=&#8221;1&#8243; custom_padding_last_edited=&#8221;on|phone&#8221; module_id=&#8221;1&#8243; _builder_version=&#8221;4.24.3&#8243; _module_preset=&#8221;default&#8221; background_enable_color=&#8221;off&#8221; use_background_color_gradient=&#8221;on&#8221; background_color_gradient_stops=&#8221;rgba(16,178,231,0.13) 0%|rgba(238, 250, 253, 0.94) 34%|#ffffff 100%&#8221; background_enable_image=&#8221;off&#8221; background_enable_mask_style=&#8221;on&#8221; background_mask_style=&#8221;corner-blob&#8221; custom_padding=&#8221;80px||80px||false|false&#8221; custom_padding_tablet=&#8221;80px||80px||false|false&#8221; custom_padding_phone=&#8221;60px||60px||false|false&#8221; global_colors_info=&#8221;{}&#8221;][et_pb_row _builder_version=&#8221;4.24.2&#8243; _module_preset=&#8221;default&#8221; global_colors_info=&#8221;{}&#8221;][et_pb_column type=&#8221;4_4&#8243; _builder_version=&#8221;4.24.2&#8243; _module_preset=&#8221;default&#8221; global_colors_info=&#8221;{}&#8221;][et_pb_text admin_label=&#8221;Koga i\u0161\u010demo?&#8221; _builder_version=&#8221;4.25.1&#8243; _module_preset=&#8221;default&#8221; header_2_text_align=&#8221;left&#8221; header_2_font_size=&#8221;36px&#8221; header_2_line_height=&#8221;1.1em&#8221; custom_margin=&#8221;||40px||false|false&#8221; custom_margin_tablet=&#8221;||40px||false|false&#8221; custom_margin_phone=&#8221;||40px||false|false&#8221; custom_margin_last_edited=&#8221;on|desktop&#8221; header_2_font_size_tablet=&#8221;32px&#8221; header_2_font_size_phone=&#8221;29px&#8221; locked=&#8221;off&#8221; global_colors_info=&#8221;{}&#8221; custom_margin__hover_enabled=&#8221;off|desktop&#8221;]<\/p>\n<h2>Savjetovanje<\/h2>\n<p>[\/et_pb_text][dsm_contact_form_7 cf7_library=&#8221;368&#8243; show_validation=&#8221;on&#8221; _builder_version=&#8221;4.25.1&#8243; _module_preset=&#8221;default&#8221; custom_button_one=&#8221;on&#8221; button_one_text_size=&#8221;16px&#8221; button_one_text_color=&#8221;#FFFFFF&#8221; button_one_bg_color=&#8221;#10B2E7&#8243; button_one_border_color=&#8221;#10B2E7&#8243; button_one_border_radius=&#8221;50px&#8221; button_one_icon=&#8221;&#x24;||divi||400&#8243; button_one_icon_color=&#8221;#FFFFFF&#8221; button_one_custom_padding=&#8221;8px|30px|8px|30px|true|true&#8221; button_one_custom_padding_tablet=&#8221;8px|30px|8px|30px|true|true&#8221; button_one_custom_padding_phone=&#8221;8px|30px|8px|30px|true|true&#8221; button_one_custom_padding_last_edited=&#8221;on|desktop&#8221; hover_enabled=&#8221;0&#8243; border_color_all_image=&#8221;#10B2E7&#8243; global_colors_info=&#8221;{}&#8221; sticky_enabled=&#8221;0&#8243;][\/dsm_contact_form_7][\/et_pb_column][\/et_pb_row][\/et_pb_section]<\/p>\n","protected":false},"excerpt":{"rendered":"<p><div class=\"et_pb_module dsm_text_notation dsm_text_notation_0  et_pb_bg_layout_light\">\n\t\t\t\t\n\t\t\t\t\n\t\t\t\t\n\t\t\t\t\n\t\t\t\t\n\t\t\t\t\n\t\t\t\t<div class=\"et_pb_module_inner\">\n\t\t\t\t\t<h3 class=\"dsm-text-notation-main et_pb_module_header\"><span data-notation=\"[{&quot;type&quot;:&quot;bracket&quot;,&quot;color&quot;:&quot;#10b2e7&quot;,&quot;stroke-width&quot;:&quot;1&quot;,&quot;iterations&quot;:&quot;2&quot;,&quot;brackets&quot;:&quot;left|right&quot;,&quot;viewport&quot;:&quot;80%&quot;,&quot;delay&quot;:&quot;0ms&quot;,&quot;divi-animate&quot;:&quot;none&quot;,&quot;divi-animate-duration&quot;:&quot;1000ms&quot;,&quot;divi-animate-delay&quot;:&quot;0ms&quot;}]\" class=\"dsm-text-notation-middle\">Zaboravite na finansijske brige i izgradite svjetliju budu\u0107nost<\/span><\/h3>\n\t\t\t\t<\/div>\n\t\t\t<\/div>Finansijski izazovi nisu izbor i \u010desto unose stres i neizvjesnost u na\u0161e \u017eivote. Vjerujemo, da, kao i mnogi drugi, \u017eelite finansijsku sigurnost i za\u0161titu za sebe i svoje najmilije. Ne morate se pitati, kako \u0107ete izgurati do kraja mjeseca ili koji \u0107ete ra\u010dun prvi platiti.Imamo sjajne vijesti za vas Ve\u0107 danas mo\u017eete napraviti korake, koji \u0107e iz temelja pobolj\u0161ati va\u0161u finansijsku situaciju i pomo\u0107i vam, da izgradite financijsku udobnost. Pitate se, da li je to mogu\u0107e za vas? Sigurni smo da jeste, i mi \u0107emo vam to i dokazati. Nudimo Vam besplatne konsultacije sa na\u0161im timom finansijskih stru\u010dnjaka. Zajedno \u0107emo razmotriti va\u0161e finansije i napraviti finansijski plan, koji \u0107e vam pomo\u0107i, da do\u0111ete do boljeg \u017eivota i ostvarite svijetlu budu\u0107nost. Bez obzira na va\u0161u trenutnu finansijsku situaciju \u2013 \u00a0bilo da li je u pitanju dug, nedostatak u\u0161te\u0111evine ili niska plata \u2013 vjerujte, da postoji prostor za pobolj\u0161anje. Ve\u0107 smo radili sa hiljadama klijenata i pomogli svakom, da postigne svoj cilj. Ali, svi su morali donijeti odluke i posvetiti se promjenama, koje donose \u017eivot bez finansijskih briga.Za\u0161to vas savjetujemo potpuno besplatno? Misija Smart Money je, da [&hellip;]<\/p>\n","protected":false},"author":1,"featured_media":100484,"parent":0,"menu_order":6,"comment_status":"closed","ping_status":"closed","template":"","meta":{"_et_pb_use_builder":"on","_et_pb_old_content":"","_et_gb_content_width":"","footnotes":""},"class_list":["post-100606","page","type-page","status-publish","has-post-thumbnail","hentry"],"aioseo_notices":[],"_links":{"self":[{"href":"https:\/\/www.smartmoneywomen.com\/hr\/wp-json\/wp\/v2\/pages\/100606","targetHints":{"allow":["GET"]}}],"collection":[{"href":"https:\/\/www.smartmoneywomen.com\/hr\/wp-json\/wp\/v2\/pages"}],"about":[{"href":"https:\/\/www.smartmoneywomen.com\/hr\/wp-json\/wp\/v2\/types\/page"}],"author":[{"embeddable":true,"href":"https:\/\/www.smartmoneywomen.com\/hr\/wp-json\/wp\/v2\/users\/1"}],"replies":[{"embeddable":true,"href":"https:\/\/www.smartmoneywomen.com\/hr\/wp-json\/wp\/v2\/comments?post=100606"}],"version-history":[{"count":4,"href":"https:\/\/www.smartmoneywomen.com\/hr\/wp-json\/wp\/v2\/pages\/100606\/revisions"}],"predecessor-version":[{"id":100611,"href":"https:\/\/www.smartmoneywomen.com\/hr\/wp-json\/wp\/v2\/pages\/100606\/revisions\/100611"}],"wp:featuredmedia":[{"embeddable":true,"href":"https:\/\/www.smartmoneywomen.com\/hr\/wp-json\/wp\/v2\/media\/100484"}],"wp:attachment":[{"href":"https:\/\/www.smartmoneywomen.com\/hr\/wp-json\/wp\/v2\/media?parent=100606"}],"curies":[{"name":"wp","href":"https:\/\/api.w.org\/{rel}","templated":true}]}}